{"id":1342,"date":"2022-02-23T12:56:06","date_gmt":"2022-02-23T12:56:06","guid":{"rendered":"https:\/\/khatnani.es\/?page_id=1342"},"modified":"2022-02-23T13:14:42","modified_gmt":"2022-02-23T13:14:42","slug":"politica-de-privacidad","status":"publish","type":"page","link":"https:\/\/khatnani.es\/en\/politica-de-privacidad","title":{"rendered":"Privacy Policy"},"content":{"rendered":"<h4 class=\"wp-block-heading\">Privacy Policy<\/h4>\n\n\n\n<p>El sitio web www.khatnani.es es propiedad de KHATNANI SL, que es responsable del tratamiento de sus datos personales.<\/p>\n\n\n\n<p>Hemos adoptado esta Pol\u00edtica de privacidad, que determina c\u00f3mo estamos procesando la informaci\u00f3n recopilada por www.khatnani.es, que tambi\u00e9n proporciona las razones por las que debemos recopilar ciertos datos personales sobre usted.&nbsp;Por lo tanto, debe leer esta Pol\u00edtica de privacidad antes de utilizar el sitio web www.khatnani.es.<\/p>\n\n\n\n<p>Cuidamos sus datos personales y nos comprometemos a garantizar su confidencialidad y seguridad.<\/p>\n\n\n\n<h4 class=\"wp-block-heading\">Informaci\u00f3n personal que recopilamos:<\/h4>\n\n\n\n<p>Cuando visita www.khatnani.es, recopilamos autom\u00e1ticamente cierta informaci\u00f3n sobre su dispositivo, incluida informaci\u00f3n sobre su navegador web, direcci\u00f3n IP, zona horaria y algunas de las cookies instaladas en su dispositivo.&nbsp;Adem\u00e1s, a medida que navega por el Sitio, recopilamos informaci\u00f3n sobre las p\u00e1ginas web individuales o los productos que ve, qu\u00e9 sitios web o t\u00e9rminos de b\u00fasqueda lo refirieron al Sitio y c\u00f3mo interact\u00faa con el Sitio.&nbsp;Nos referimos a esta informaci\u00f3n recopilada autom\u00e1ticamente como \u00abInformaci\u00f3n del dispositivo\u00bb.&nbsp;Adem\u00e1s, podemos recopilar los datos personales que nos proporciona (incluidos, entre otros, Nombre, Apellido, Direcci\u00f3n, informaci\u00f3n de pago, etc.) durante el registro para poder cumplir con el acuerdo.<\/p>\n\n\n\n<h4 class=\"wp-block-heading\">\u00bfPor qu\u00e9 tratamos sus datos?<\/h4>\n\n\n\n<p>Nuestra principal prioridad es la seguridad de los datos del cliente y, como tal, podemos procesar solo los datos m\u00ednimos del usuario, solo en la medida en que sea absolutamente necesario para mantener el sitio web.&nbsp;La informaci\u00f3n recopilada autom\u00e1ticamente se usa solo para identificar posibles casos de abuso y establecer informaci\u00f3n estad\u00edstica sobre el uso del sitio web.&nbsp;Esta informaci\u00f3n estad\u00edstica no se agrega de otra manera de tal manera que identifique a cualquier usuario particular del sistema.<\/p>\n\n\n\n<p>Puede visitar el sitio web sin decirnos qui\u00e9n es ni revelar ninguna informaci\u00f3n mediante la cual alguien pueda identificarlo como una persona espec\u00edfica e identificable.&nbsp;Sin embargo, si desea utilizar algunas de las funciones del sitio web, o desea recibir nuestro bolet\u00edn informativo o proporcionar otros detalles completando un formulario, puede proporcionarnos datos personales, como su correo electr\u00f3nico, nombre, apellido, ciudad de residencia, organizaci\u00f3n, n\u00famero de tel\u00e9fono.&nbsp;Puede optar por no proporcionarnos sus datos personales, pero es posible que no pueda aprovechar algunas de las funciones del sitio web.&nbsp;Por ejemplo, no podr\u00e1 recibir nuestro bolet\u00edn o contactarnos directamente desde el sitio web.&nbsp;Los usuarios que no est\u00e9n seguros de qu\u00e9 informaci\u00f3n es obligatoria pueden ponerse en contacto con nosotros a trav\u00e9s de info@khatnani.es.<\/p>\n\n\n\n<h4 class=\"wp-block-heading\">Tus derechos:<\/h4>\n\n\n\n<p>Si es residente europeo, tiene los siguientes derechos relacionados con sus datos personales:<\/p>\n\n\n\n<ul class=\"wp-block-list\"><li>El derecho a ser informado.<\/li><li>El derecho de acceso.<\/li><li>El derecho a la rectificaci\u00f3n.<\/li><li>El derecho de supresi\u00f3n.<\/li><li>El derecho a restringir el procesamiento.<\/li><li>El derecho a la portabilidad de los datos.<\/li><li>El derecho a oponerse.<\/li><li>Derechos en relaci\u00f3n con la toma de decisiones automatizada y elaboraci\u00f3n de perfiles.<\/li><\/ul>\n\n\n\n<p>Si desea ejercer este derecho, comun\u00edquese con nosotros a trav\u00e9s de la informaci\u00f3n de contacto a continuaci\u00f3n.<\/p>\n\n\n\n<p>Adem\u00e1s, si es residente europeo, notamos que estamos procesando su informaci\u00f3n para cumplir con los contratos que podamos tener con usted (por ejemplo, si realiza un pedido a trav\u00e9s del Sitio), o para perseguir nuestros intereses comerciales leg\u00edtimos enumerados encima.&nbsp;Adem\u00e1s, tenga en cuenta que su informaci\u00f3n puede transferirse fuera de Europa, incluidos Canad\u00e1 y los Estados Unidos.<\/p>\n\n\n\n<h4 class=\"wp-block-heading\">Enlaces a otros sitios web:<\/h4>\n\n\n\n<p>Nuestro sitio web puede contener enlaces a otros sitios web que no son de nuestra propiedad ni est\u00e1n controlados por nosotros.&nbsp;Tenga en cuenta que no somos responsables de dichos otros sitios web ni de las pr\u00e1cticas de privacidad de terceros.&nbsp;Lo alentamos a que tenga cuidado cuando abandone nuestro sitio web y lea las declaraciones de privacidad de cada sitio web que pueda recopilar informaci\u00f3n personal.<\/p>\n\n\n\n<h4 class=\"wp-block-heading\">Seguridad de informaci\u00f3n:<\/h4>\n\n\n\n<p>Protegemos la informaci\u00f3n que proporciona en servidores inform\u00e1ticos en un entorno controlado y seguro, protegido contra el acceso, uso o divulgaci\u00f3n no autorizados.&nbsp;Mantenemos medidas de seguridad administrativas, t\u00e9cnicas y f\u00edsicas razonables para proteger contra el acceso, uso, modificaci\u00f3n y divulgaci\u00f3n de datos personales no autorizados bajo su control y custodia.&nbsp;Sin embargo, no se puede garantizar la transmisi\u00f3n de datos a trav\u00e9s de Internet o de una red inal\u00e1mbrica.<\/p>\n\n\n\n<h4 class=\"wp-block-heading\">Divulgaci\u00f3n jur\u00eddica:<\/h4>\n\n\n\n<p>Divulgaremos cualquier informaci\u00f3n que recopilemos, usemos o recibamos si as\u00ed lo requiere o lo permite la ley, como para cumplir con una citaci\u00f3n o un proceso legal similar, y cuando creamos de buena fe que la divulgaci\u00f3n es necesaria para proteger nuestros derechos, proteger su seguridad o la seguridad de otros, investigar fraudes o responder a una solicitud del gobierno.<\/p>\n\n\n\n<h4 class=\"wp-block-heading\">Informaci\u00f3n del contacto:<\/h4>\n\n\n\n<p>Si desea comunicarse con nosotros para obtener m\u00e1s informaci\u00f3n sobre esta Pol\u00edtica o desea comunicarse con nosotros sobre cualquier asunto relacionado con los derechos individuales y su Informaci\u00f3n personal, puede enviar un correo electr\u00f3nico a info@khatnani.es.<\/p>","protected":false},"excerpt":{"rendered":"<p>Pol\u00edtica de privacidad El sitio web www.khatnani.es es propiedad de KHATNANI SL, que es responsable del tratamiento de sus datos personales. Hemos adoptado esta Pol\u00edtica de privacidad, que determina c\u00f3mo estamos procesando la informaci\u00f3n recopilada por www.khatnani.es, que tambi\u00e9n proporciona &hellip; <\/p>","protected":false},"author":1,"featured_media":0,"parent":0,"menu_order":0,"comment_status":"closed","ping_status":"closed","template":"elementor_header_footer","meta":{"footnotes":""},"class_list":["post-1342","page","type-page","status-publish","hentry"],"yoast_head":"<!-- This site is optimized with the Yoast SEO plugin v27.3 - https:\/\/yoast.com\/product\/yoast-seo-wordpress\/ -->\n<title>Pol\u00edtica de privacidad - Portfolio Grupo Khatnani<\/title>\n<meta name=\"description\" content=\"Pol\u00edtica de privacidad Khatnani SL\" \/>\n<meta name=\"robots\" content=\"index, follow, max-snippet:-1, max-image-preview:large, max-video-preview:-1\" \/>\n<link rel=\"canonical\" href=\"https:\/\/khatnani.es\/en\/politica-de-privacidad\/\" \/>\n<meta property=\"og:locale\" content=\"en_US\" \/>\n<meta property=\"og:type\" content=\"article\" \/>\n<meta property=\"og:title\" content=\"Pol\u00edtica de privacidad - Portfolio Grupo Khatnani\" \/>\n<meta property=\"og:description\" content=\"Pol\u00edtica de privacidad Khatnani SL\" \/>\n<meta property=\"og:url\" content=\"https:\/\/khatnani.es\/en\/politica-de-privacidad\/\" \/>\n<meta property=\"og:site_name\" content=\"Portfolio Grupo Khatnani\" \/>\n<meta property=\"article:modified_time\" content=\"2022-02-23T13:14:42+00:00\" \/>\n<meta name=\"twitter:card\" content=\"summary_large_image\" \/>\n<meta name=\"twitter:label1\" content=\"Est. reading time\" \/>\n\t<meta name=\"twitter:data1\" content=\"4 minutes\" \/>\n<script type=\"application\/ld+json\" class=\"yoast-schema-graph\">{\"@context\":\"https:\\\/\\\/schema.org\",\"@graph\":[{\"@type\":\"WebPage\",\"@id\":\"https:\\\/\\\/khatnani.es\\\/politica-de-privacidad\",\"url\":\"https:\\\/\\\/khatnani.es\\\/politica-de-privacidad\",\"name\":\"Pol\u00edtica de privacidad - Portfolio Grupo Khatnani\",\"isPartOf\":{\"@id\":\"https:\\\/\\\/khatnani.es\\\/#website\"},\"datePublished\":\"2022-02-23T12:56:06+00:00\",\"dateModified\":\"2022-02-23T13:14:42+00:00\",\"description\":\"Pol\u00edtica de privacidad Khatnani SL\",\"breadcrumb\":{\"@id\":\"https:\\\/\\\/khatnani.es\\\/politica-de-privacidad#breadcrumb\"},\"inLanguage\":\"en-US\",\"potentialAction\":[{\"@type\":\"ReadAction\",\"target\":[\"https:\\\/\\\/khatnani.es\\\/politica-de-privacidad\"]}]},{\"@type\":\"BreadcrumbList\",\"@id\":\"https:\\\/\\\/khatnani.es\\\/politica-de-privacidad#breadcrumb\",\"itemListElement\":[{\"@type\":\"ListItem\",\"position\":1,\"name\":\"Portada\",\"item\":\"https:\\\/\\\/khatnani.es\\\/\"},{\"@type\":\"ListItem\",\"position\":2,\"name\":\"Pol\u00edtica de privacidad\"}]},{\"@type\":\"WebSite\",\"@id\":\"https:\\\/\\\/khatnani.es\\\/#website\",\"url\":\"https:\\\/\\\/khatnani.es\\\/\",\"name\":\"Portfolio Grupo Khatnani\",\"description\":\"Informacion de la empresa Khatnani S.L.\",\"publisher\":{\"@id\":\"https:\\\/\\\/khatnani.es\\\/#organization\"},\"potentialAction\":[{\"@type\":\"SearchAction\",\"target\":{\"@type\":\"EntryPoint\",\"urlTemplate\":\"https:\\\/\\\/khatnani.es\\\/?s={search_term_string}\"},\"query-input\":{\"@type\":\"PropertyValueSpecification\",\"valueRequired\":true,\"valueName\":\"search_term_string\"}}],\"inLanguage\":\"en-US\"},{\"@type\":\"Organization\",\"@id\":\"https:\\\/\\\/khatnani.es\\\/#organization\",\"name\":\"Portfolio Grupo Khatnani\",\"url\":\"https:\\\/\\\/khatnani.es\\\/\",\"logo\":{\"@type\":\"ImageObject\",\"inLanguage\":\"en-US\",\"@id\":\"https:\\\/\\\/khatnani.es\\\/#\\\/schema\\\/logo\\\/image\\\/\",\"url\":\"https:\\\/\\\/khatnani.es\\\/wp-content\\\/uploads\\\/2022\\\/02\\\/cropped-KhatnaniGroup_240x55_Blanco-fondotrans_Mesa-de-trabajo-1-e1644486533183.png\",\"contentUrl\":\"https:\\\/\\\/khatnani.es\\\/wp-content\\\/uploads\\\/2022\\\/02\\\/cropped-KhatnaniGroup_240x55_Blanco-fondotrans_Mesa-de-trabajo-1-e1644486533183.png\",\"width\":240,\"height\":56,\"caption\":\"Portfolio Grupo Khatnani\"},\"image\":{\"@id\":\"https:\\\/\\\/khatnani.es\\\/#\\\/schema\\\/logo\\\/image\\\/\"}}]}<\/script>\n<!-- \/ Yoast SEO plugin. -->","yoast_head_json":{"title":"Pol\u00edtica de privacidad - Portfolio Grupo Khatnani","description":"Pol\u00edtica de privacidad Khatnani SL","robots":{"index":"index","follow":"follow","max-snippet":"max-snippet:-1","max-image-preview":"max-image-preview:large","max-video-preview":"max-video-preview:-1"},"canonical":"https:\/\/khatnani.es\/en\/politica-de-privacidad\/","og_locale":"en_US","og_type":"article","og_title":"Pol\u00edtica de privacidad - Portfolio Grupo Khatnani","og_description":"Pol\u00edtica de privacidad Khatnani SL","og_url":"https:\/\/khatnani.es\/en\/politica-de-privacidad\/","og_site_name":"Portfolio Grupo Khatnani","article_modified_time":"2022-02-23T13:14:42+00:00","twitter_card":"summary_large_image","twitter_misc":{"Est. reading time":"4 minutes"},"schema":{"@context":"https:\/\/schema.org","@graph":[{"@type":"WebPage","@id":"https:\/\/khatnani.es\/politica-de-privacidad","url":"https:\/\/khatnani.es\/politica-de-privacidad","name":"Pol\u00edtica de privacidad - Portfolio Grupo Khatnani","isPartOf":{"@id":"https:\/\/khatnani.es\/#website"},"datePublished":"2022-02-23T12:56:06+00:00","dateModified":"2022-02-23T13:14:42+00:00","description":"Pol\u00edtica de privacidad Khatnani SL","breadcrumb":{"@id":"https:\/\/khatnani.es\/politica-de-privacidad#breadcrumb"},"inLanguage":"en-US","potentialAction":[{"@type":"ReadAction","target":["https:\/\/khatnani.es\/politica-de-privacidad"]}]},{"@type":"BreadcrumbList","@id":"https:\/\/khatnani.es\/politica-de-privacidad#breadcrumb","itemListElement":[{"@type":"ListItem","position":1,"name":"Portada","item":"https:\/\/khatnani.es\/"},{"@type":"ListItem","position":2,"name":"Pol\u00edtica de privacidad"}]},{"@type":"WebSite","@id":"https:\/\/khatnani.es\/#website","url":"https:\/\/khatnani.es\/","name":"Portfolio Grupo Khatnani","description":"Informacion de la empresa Khatnani S.L.","publisher":{"@id":"https:\/\/khatnani.es\/#organization"},"potentialAction":[{"@type":"SearchAction","target":{"@type":"EntryPoint","urlTemplate":"https:\/\/khatnani.es\/?s={search_term_string}"},"query-input":{"@type":"PropertyValueSpecification","valueRequired":true,"valueName":"search_term_string"}}],"inLanguage":"en-US"},{"@type":"Organization","@id":"https:\/\/khatnani.es\/#organization","name":"Portfolio Grupo Khatnani","url":"https:\/\/khatnani.es\/","logo":{"@type":"ImageObject","inLanguage":"en-US","@id":"https:\/\/khatnani.es\/#\/schema\/logo\/image\/","url":"https:\/\/khatnani.es\/wp-content\/uploads\/2022\/02\/cropped-KhatnaniGroup_240x55_Blanco-fondotrans_Mesa-de-trabajo-1-e1644486533183.png","contentUrl":"https:\/\/khatnani.es\/wp-content\/uploads\/2022\/02\/cropped-KhatnaniGroup_240x55_Blanco-fondotrans_Mesa-de-trabajo-1-e1644486533183.png","width":240,"height":56,"caption":"Portfolio Grupo Khatnani"},"image":{"@id":"https:\/\/khatnani.es\/#\/schema\/logo\/image\/"}}]}},"_links":{"self":[{"href":"https:\/\/khatnani.es\/en\/wp-json\/wp\/v2\/pages\/1342","targetHints":{"allow":["GET"]}}],"collection":[{"href":"https:\/\/khatnani.es\/en\/wp-json\/wp\/v2\/pages"}],"about":[{"href":"https:\/\/khatnani.es\/en\/wp-json\/wp\/v2\/types\/page"}],"author":[{"embeddable":true,"href":"https:\/\/khatnani.es\/en\/wp-json\/wp\/v2\/users\/1"}],"replies":[{"embeddable":true,"href":"https:\/\/khatnani.es\/en\/wp-json\/wp\/v2\/comments?post=1342"}],"version-history":[{"count":1,"href":"https:\/\/khatnani.es\/en\/wp-json\/wp\/v2\/pages\/1342\/revisions"}],"predecessor-version":[{"id":1343,"href":"https:\/\/khatnani.es\/en\/wp-json\/wp\/v2\/pages\/1342\/revisions\/1343"}],"wp:attachment":[{"href":"https:\/\/khatnani.es\/en\/wp-json\/wp\/v2\/media?parent=1342"}],"curies":[{"name":"wp","href":"https:\/\/api.w.org\/{rel}","templated":true}]}}