{"id":1635,"date":"2022-06-09T11:04:28","date_gmt":"2022-06-09T11:04:28","guid":{"rendered":"https:\/\/khatnani.es\/?page_id=1635"},"modified":"2025-03-27T15:04:05","modified_gmt":"2025-03-27T15:04:05","slug":"informacion-institucional-y-organizativa","status":"publish","type":"page","link":"https:\/\/khatnani.es\/en\/informacion-institucional-y-organizativa","title":{"rendered":"Informaci\u00f3n Institucional y Organizativa"},"content":{"rendered":"<div data-elementor-type=\"wp-page\" data-elementor-id=\"1635\" class=\"elementor elementor-1635\">\n\t\t\t\t\t\t<section class=\"elementor-section elementor-top-section elementor-element elementor-element-445b8b3c elementor-section-boxed elementor-section-height-default elementor-section-height-default\" data-id=\"445b8b3c\" data-element_type=\"section\">\n\t\t\t\t\t\t<div class=\"elementor-container elementor-column-gap-default\">\n\t\t\t\t\t<div class=\"elementor-column elementor-col-100 elementor-top-column elementor-element elementor-element-6ff8bc57\" data-id=\"6ff8bc57\" data-element_type=\"column\">\n\t\t\t<div class=\"elementor-widget-wrap elementor-element-populated\">\n\t\t\t\t\t\t<div class=\"elementor-element elementor-element-3d443b13 elementor-widget elementor-widget-text-editor\" data-id=\"3d443b13\" data-element_type=\"widget\" data-widget_type=\"text-editor.default\">\n\t\t\t\t<div class=\"elementor-widget-container\">\n\t\t\t\t\t\t\t<!-- wp:fl-builder\/layout \/-->\t\t\t\t\t\t<\/div>\n\t\t\t\t<\/div>\n\t\t\t\t\t<\/div>\n\t\t<\/div>\n\t\t\t\t\t<\/div>\n\t\t<\/section>\n\t\t\t\t<section class=\"elementor-section elementor-top-section elementor-element elementor-element-70e8249 elementor-section-boxed elementor-section-height-default elementor-section-height-default\" data-id=\"70e8249\" data-element_type=\"section\">\n\t\t\t\t\t\t<div class=\"elementor-container elementor-column-gap-default\">\n\t\t\t\t\t<div class=\"elementor-column elementor-col-100 elementor-top-column elementor-element elementor-element-8dcd07b\" data-id=\"8dcd07b\" data-element_type=\"column\">\n\t\t\t<div class=\"elementor-widget-wrap elementor-element-populated\">\n\t\t\t\t\t\t<div class=\"elementor-element elementor-element-3bdd93a elementor-widget elementor-widget-text-editor\" data-id=\"3bdd93a\" data-element_type=\"widget\" data-widget_type=\"text-editor.default\">\n\t\t\t\t<div class=\"elementor-widget-container\">\n\t\t\t\t\t\t\t<p><span style=\"color: #000000;\">La empresa Khatnani desarrolla su actividad econ\u00f3mica en varias divisiones de negocio entre las que se encuentran la alta perfumer\u00eda, cosm\u00e9tica, moda y calzado. <\/span><\/p>\t\t\t\t\t\t<\/div>\n\t\t\t\t<\/div>\n\t\t\t\t<div class=\"elementor-element elementor-element-b96625d elementor-align-center animated-slow elementor-invisible elementor-widget elementor-widget-button\" data-id=\"b96625d\" data-element_type=\"widget\" data-settings=\"{&quot;_animation&quot;:&quot;pulse&quot;}\" data-widget_type=\"button.default\">\n\t\t\t\t<div class=\"elementor-widget-container\">\n\t\t\t\t\t\t\t<div class=\"elementor-button-wrapper\">\n\t\t\t\t\t<a class=\"elementor-button elementor-button-link elementor-size-sm\" href=\"https:\/\/khatnani.es\/en\/nuestra-historia\/\">\n\t\t\t\t\t\t<span class=\"elementor-button-content-wrapper\">\n\t\t\t\t\t\t\t\t\t<span class=\"elementor-button-text\">Ver M\u00e1s Sobre Nosotros<\/span>\n\t\t\t\t\t<\/span>\n\t\t\t\t\t<\/a>\n\t\t\t\t<\/div>\n\t\t\t\t\t\t<\/div>\n\t\t\t\t<\/div>\n\t\t\t\t<div class=\"elementor-element elementor-element-aa22c38 elementor-widget elementor-widget-text-editor\" data-id=\"aa22c38\" data-element_type=\"widget\" data-widget_type=\"text-editor.default\">\n\t\t\t\t<div class=\"elementor-widget-container\">\n\t\t\t\t\t\t\t<p><span style=\"color: #000000;\">La estructura organizativa se rige por un sistema vertical desde la alta direcci\u00f3n de nuestra empresa.<\/span><\/p>\t\t\t\t\t\t<\/div>\n\t\t\t\t<\/div>\n\t\t\t\t<div class=\"elementor-element elementor-element-478906e elementor-widget elementor-widget-image\" data-id=\"478906e\" data-element_type=\"widget\" data-widget_type=\"image.default\">\n\t\t\t\t<div class=\"elementor-widget-container\">\n\t\t\t\t\t\t\t\t\t\t<figure class=\"wp-caption\">\n\t\t\t\t\t\t\t\t\t\t<img fetchpriority=\"high\" decoding=\"async\" width=\"654\" height=\"539\" src=\"https:\/\/khatnani.es\/wp-content\/uploads\/2025\/03\/ORGANIGRAMA-D25.png\" class=\"attachment-large size-large wp-image-2143\" alt=\"\" srcset=\"https:\/\/khatnani.es\/wp-content\/uploads\/2025\/03\/ORGANIGRAMA-D25.png 654w, https:\/\/khatnani.es\/wp-content\/uploads\/2025\/03\/ORGANIGRAMA-D25-300x247.png 300w, https:\/\/khatnani.es\/wp-content\/uploads\/2025\/03\/ORGANIGRAMA-D25-15x12.png 15w\" sizes=\"(max-width: 654px) 100vw, 654px\" \/>\t\t\t\t\t\t\t\t\t\t\t<figcaption class=\"widget-image-caption wp-caption-text\">Organigrama Khatnani SL<\/figcaption>\n\t\t\t\t\t\t\t\t\t\t<\/figure>\n\t\t\t\t\t\t\t<\/div>\n\t\t\t\t<\/div>\n\t\t\t\t\t<\/div>\n\t\t<\/div>\n\t\t\t\t\t<\/div>\n\t\t<\/section>\n\t\t\t\t<section class=\"elementor-section elementor-top-section elementor-element elementor-element-fc96a28 elementor-section-boxed elementor-section-height-default elementor-section-height-default\" data-id=\"fc96a28\" data-element_type=\"section\">\n\t\t\t\t\t\t<div class=\"elementor-container elementor-column-gap-default\">\n\t\t\t\t\t<div class=\"elementor-column elementor-col-100 elementor-top-column elementor-element elementor-element-2d333f5\" data-id=\"2d333f5\" data-element_type=\"column\">\n\t\t\t<div class=\"elementor-widget-wrap elementor-element-populated\">\n\t\t\t\t\t\t<div class=\"elementor-element elementor-element-c07ca67 elementor-widget elementor-widget-heading\" data-id=\"c07ca67\" data-element_type=\"widget\" data-widget_type=\"heading.default\">\n\t\t\t\t<div class=\"elementor-widget-container\">\n\t\t\t<h2 class=\"elementor-heading-title elementor-size-default\">Estatuto y Normativa<\/h2>\t\t<\/div>\n\t\t\t\t<\/div>\n\t\t\t\t<div class=\"elementor-element elementor-element-a657e75 elementor-widget elementor-widget-image\" data-id=\"a657e75\" data-element_type=\"widget\" data-widget_type=\"image.default\">\n\t\t\t\t<div class=\"elementor-widget-container\">\n\t\t\t\t\t\t\t\t\t\t\t\t\t<img decoding=\"async\" width=\"2048\" height=\"800\" src=\"https:\/\/khatnani.es\/wp-content\/uploads\/2022\/06\/Cuadro1_-Estatutos-y-Normativa-2048x800.png\" class=\"attachment-2048x2048 size-2048x2048 wp-image-1663\" alt=\"\" srcset=\"https:\/\/khatnani.es\/wp-content\/uploads\/2022\/06\/Cuadro1_-Estatutos-y-Normativa-2048x800.png 2048w, https:\/\/khatnani.es\/wp-content\/uploads\/2022\/06\/Cuadro1_-Estatutos-y-Normativa-300x117.png 300w, https:\/\/khatnani.es\/wp-content\/uploads\/2022\/06\/Cuadro1_-Estatutos-y-Normativa-1024x400.png 1024w, https:\/\/khatnani.es\/wp-content\/uploads\/2022\/06\/Cuadro1_-Estatutos-y-Normativa-768x300.png 768w, https:\/\/khatnani.es\/wp-content\/uploads\/2022\/06\/Cuadro1_-Estatutos-y-Normativa-1536x600.png 1536w, https:\/\/khatnani.es\/wp-content\/uploads\/2022\/06\/Cuadro1_-Estatutos-y-Normativa-18x7.png 18w\" sizes=\"(max-width: 2048px) 100vw, 2048px\" \/>\t\t\t\t\t\t\t\t\t\t\t\t\t<\/div>\n\t\t\t\t<\/div>\n\t\t\t\t\t<\/div>\n\t\t<\/div>\n\t\t\t\t\t<\/div>\n\t\t<\/section>\n\t\t\t\t<section class=\"elementor-section elementor-top-section elementor-element elementor-element-0774f1f elementor-section-boxed elementor-section-height-default elementor-section-height-default\" data-id=\"0774f1f\" data-element_type=\"section\">\n\t\t\t\t\t\t<div class=\"elementor-container elementor-column-gap-default\">\n\t\t\t\t\t<div class=\"elementor-column elementor-col-100 elementor-top-column elementor-element elementor-element-95efd82\" data-id=\"95efd82\" data-element_type=\"column\">\n\t\t\t<div class=\"elementor-widget-wrap elementor-element-populated\">\n\t\t\t\t\t\t<div class=\"elementor-element elementor-element-cdbe558 elementor-widget elementor-widget-heading\" data-id=\"cdbe558\" data-element_type=\"widget\" data-widget_type=\"heading.default\">\n\t\t\t\t<div class=\"elementor-widget-container\">\n\t\t\t<h2 class=\"elementor-heading-title elementor-size-default\">Documentaci\u00f3n<\/h2>\t\t<\/div>\n\t\t\t\t<\/div>\n\t\t\t\t<div class=\"elementor-element elementor-element-c90f8f2 elementor-widget elementor-widget-text-editor\" data-id=\"c90f8f2\" data-element_type=\"widget\" data-widget_type=\"text-editor.default\">\n\t\t\t\t<div class=\"elementor-widget-container\">\n\t\t\t\t\t\t\t<p style=\"text-align: center;\"><span style=\"color: #000000;\"><b>ESTUTOS KHATNANI SL<\/b><\/span><\/p>\t\t\t\t\t\t<\/div>\n\t\t\t\t<\/div>\n\t\t\t\t<div class=\"elementor-element elementor-element-5f3b0d1 elementor-widget elementor-widget-text-editor\" data-id=\"5f3b0d1\" data-element_type=\"widget\" data-widget_type=\"text-editor.default\">\n\t\t\t\t<div class=\"elementor-widget-container\">\n\t\t\t\t\t\t\t<p style=\"text-align: center;\"><a href=\"https:\/\/khatnani.es\/wp-content\/uploads\/2022\/06\/ESTATUTOS-KHATNANI-S.L..pdf\" rel=\"attachment wp-att-1677\"><img decoding=\"async\" class=\"alignnone wp-image-1677\" src=\"https:\/\/khatnani.es\/wp-content\/uploads\/2022\/06\/pdf-300x300.png\" alt=\"\" width=\"155\" height=\"155\" download=\"\" srcset=\"https:\/\/khatnani.es\/wp-content\/uploads\/2022\/06\/pdf-300x300.png 300w, https:\/\/khatnani.es\/wp-content\/uploads\/2022\/06\/pdf-150x150.png 150w, https:\/\/khatnani.es\/wp-content\/uploads\/2022\/06\/pdf-12x12.png 12w, https:\/\/khatnani.es\/wp-content\/uploads\/2022\/06\/pdf-111x111.png 111w, https:\/\/khatnani.es\/wp-content\/uploads\/2022\/06\/pdf.png 512w\" sizes=\"(max-width: 155px) 100vw, 155px\" \/><\/a><\/p>\t\t\t\t\t\t<\/div>\n\t\t\t\t<\/div>\n\t\t\t\t\t<\/div>\n\t\t<\/div>\n\t\t\t\t\t<\/div>\n\t\t<\/section>\n\t\t\t\t<\/div>","protected":false},"excerpt":{"rendered":"<p>La empresa Khatnani desarrolla su actividad econ\u00f3mica en varias divisiones de negocio entre las que se encuentran la alta perfumer\u00eda, cosm\u00e9tica, moda y calzado. Ver M\u00e1s Sobre Nosotros La estructura organizativa se rige por un sistema vertical desde la alta &hellip; <\/p>","protected":false},"author":1,"featured_media":0,"parent":0,"menu_order":0,"comment_status":"closed","ping_status":"closed","template":"","meta":{"footnotes":""},"class_list":["post-1635","page","type-page","status-publish","hentry"],"yoast_head":"<!-- This site is optimized with the Yoast SEO plugin v27.5 - https:\/\/yoast.com\/product\/yoast-seo-wordpress\/ -->\n<title>Informaci\u00f3n Institucional y Organizativa - Portfolio Grupo Khatnani<\/title>\n<meta name=\"robots\" content=\"index, follow, max-snippet:-1, max-image-preview:large, max-video-preview:-1\" \/>\n<link rel=\"canonical\" href=\"https:\/\/khatnani.es\/en\/informacion-institucional-y-organizativa\/\" \/>\n<meta property=\"og:locale\" content=\"en_US\" \/>\n<meta property=\"og:type\" content=\"article\" \/>\n<meta property=\"og:title\" content=\"Informaci\u00f3n Institucional y Organizativa - Portfolio Grupo Khatnani\" \/>\n<meta property=\"og:description\" content=\"La empresa Khatnani desarrolla su actividad econ\u00f3mica en varias divisiones de negocio entre las que se encuentran la alta perfumer\u00eda, cosm\u00e9tica, moda y calzado. Ver M\u00e1s Sobre Nosotros La estructura organizativa se rige por un sistema vertical desde la alta &hellip;\" \/>\n<meta property=\"og:url\" content=\"https:\/\/khatnani.es\/en\/informacion-institucional-y-organizativa\/\" \/>\n<meta property=\"og:site_name\" content=\"Portfolio Grupo Khatnani\" \/>\n<meta property=\"article:modified_time\" content=\"2025-03-27T15:04:05+00:00\" \/>\n<meta property=\"og:image\" content=\"https:\/\/khatnani.es\/wp-content\/uploads\/2025\/03\/ORGANIGRAMA-D25.png\" \/>\n\t<meta property=\"og:image:width\" content=\"654\" \/>\n\t<meta property=\"og:image:height\" content=\"539\" \/>\n\t<meta property=\"og:image:type\" content=\"image\/png\" \/>\n<meta name=\"twitter:card\" content=\"summary_large_image\" \/>\n<meta name=\"twitter:label1\" content=\"Est. reading time\" \/>\n\t<meta name=\"twitter:data1\" content=\"1 minute\" \/>\n<script type=\"application\/ld+json\" class=\"yoast-schema-graph\">{\"@context\":\"https:\\\/\\\/schema.org\",\"@graph\":[{\"@type\":\"WebPage\",\"@id\":\"https:\\\/\\\/khatnani.es\\\/informacion-institucional-y-organizativa\",\"url\":\"https:\\\/\\\/khatnani.es\\\/informacion-institucional-y-organizativa\",\"name\":\"Informaci\u00f3n Institucional y Organizativa - Portfolio Grupo Khatnani\",\"isPartOf\":{\"@id\":\"https:\\\/\\\/khatnani.es\\\/#website\"},\"primaryImageOfPage\":{\"@id\":\"https:\\\/\\\/khatnani.es\\\/informacion-institucional-y-organizativa#primaryimage\"},\"image\":{\"@id\":\"https:\\\/\\\/khatnani.es\\\/informacion-institucional-y-organizativa#primaryimage\"},\"thumbnailUrl\":\"https:\\\/\\\/khatnani.es\\\/wp-content\\\/uploads\\\/2025\\\/03\\\/ORGANIGRAMA-D25.png\",\"datePublished\":\"2022-06-09T11:04:28+00:00\",\"dateModified\":\"2025-03-27T15:04:05+00:00\",\"breadcrumb\":{\"@id\":\"https:\\\/\\\/khatnani.es\\\/informacion-institucional-y-organizativa#breadcrumb\"},\"inLanguage\":\"en-US\",\"potentialAction\":[{\"@type\":\"ReadAction\",\"target\":[\"https:\\\/\\\/khatnani.es\\\/informacion-institucional-y-organizativa\"]}]},{\"@type\":\"ImageObject\",\"inLanguage\":\"en-US\",\"@id\":\"https:\\\/\\\/khatnani.es\\\/informacion-institucional-y-organizativa#primaryimage\",\"url\":\"https:\\\/\\\/khatnani.es\\\/wp-content\\\/uploads\\\/2025\\\/03\\\/ORGANIGRAMA-D25.png\",\"contentUrl\":\"https:\\\/\\\/khatnani.es\\\/wp-content\\\/uploads\\\/2025\\\/03\\\/ORGANIGRAMA-D25.png\"},{\"@type\":\"BreadcrumbList\",\"@id\":\"https:\\\/\\\/khatnani.es\\\/informacion-institucional-y-organizativa#breadcrumb\",\"itemListElement\":[{\"@type\":\"ListItem\",\"position\":1,\"name\":\"Portada\",\"item\":\"https:\\\/\\\/khatnani.es\\\/\"},{\"@type\":\"ListItem\",\"position\":2,\"name\":\"Informaci\u00f3n Institucional y Organizativa\"}]},{\"@type\":\"WebSite\",\"@id\":\"https:\\\/\\\/khatnani.es\\\/#website\",\"url\":\"https:\\\/\\\/khatnani.es\\\/\",\"name\":\"Portfolio Grupo Khatnani\",\"description\":\"Informacion de la empresa Khatnani S.L.\",\"publisher\":{\"@id\":\"https:\\\/\\\/khatnani.es\\\/#organization\"},\"potentialAction\":[{\"@type\":\"SearchAction\",\"target\":{\"@type\":\"EntryPoint\",\"urlTemplate\":\"https:\\\/\\\/khatnani.es\\\/?s={search_term_string}\"},\"query-input\":{\"@type\":\"PropertyValueSpecification\",\"valueRequired\":true,\"valueName\":\"search_term_string\"}}],\"inLanguage\":\"en-US\"},{\"@type\":\"Organization\",\"@id\":\"https:\\\/\\\/khatnani.es\\\/#organization\",\"name\":\"Portfolio Grupo Khatnani\",\"url\":\"https:\\\/\\\/khatnani.es\\\/\",\"logo\":{\"@type\":\"ImageObject\",\"inLanguage\":\"en-US\",\"@id\":\"https:\\\/\\\/khatnani.es\\\/#\\\/schema\\\/logo\\\/image\\\/\",\"url\":\"https:\\\/\\\/khatnani.es\\\/wp-content\\\/uploads\\\/2022\\\/02\\\/cropped-KhatnaniGroup_240x55_Blanco-fondotrans_Mesa-de-trabajo-1-e1644486533183.png\",\"contentUrl\":\"https:\\\/\\\/khatnani.es\\\/wp-content\\\/uploads\\\/2022\\\/02\\\/cropped-KhatnaniGroup_240x55_Blanco-fondotrans_Mesa-de-trabajo-1-e1644486533183.png\",\"width\":240,\"height\":56,\"caption\":\"Portfolio Grupo Khatnani\"},\"image\":{\"@id\":\"https:\\\/\\\/khatnani.es\\\/#\\\/schema\\\/logo\\\/image\\\/\"}}]}<\/script>\n<!-- \/ Yoast SEO plugin. -->","yoast_head_json":{"title":"Informaci\u00f3n Institucional y Organizativa - Portfolio Grupo Khatnani","robots":{"index":"index","follow":"follow","max-snippet":"max-snippet:-1","max-image-preview":"max-image-preview:large","max-video-preview":"max-video-preview:-1"},"canonical":"https:\/\/khatnani.es\/en\/informacion-institucional-y-organizativa\/","og_locale":"en_US","og_type":"article","og_title":"Informaci\u00f3n Institucional y Organizativa - Portfolio Grupo Khatnani","og_description":"La empresa Khatnani desarrolla su actividad econ\u00f3mica en varias divisiones de negocio entre las que se encuentran la alta perfumer\u00eda, cosm\u00e9tica, moda y calzado. Ver M\u00e1s Sobre Nosotros La estructura organizativa se rige por un sistema vertical desde la alta &hellip;","og_url":"https:\/\/khatnani.es\/en\/informacion-institucional-y-organizativa\/","og_site_name":"Portfolio Grupo Khatnani","article_modified_time":"2025-03-27T15:04:05+00:00","og_image":[{"width":654,"height":539,"url":"https:\/\/khatnani.es\/wp-content\/uploads\/2025\/03\/ORGANIGRAMA-D25.png","type":"image\/png"}],"twitter_card":"summary_large_image","twitter_misc":{"Est. reading time":"1 minute"},"schema":{"@context":"https:\/\/schema.org","@graph":[{"@type":"WebPage","@id":"https:\/\/khatnani.es\/informacion-institucional-y-organizativa","url":"https:\/\/khatnani.es\/informacion-institucional-y-organizativa","name":"Informaci\u00f3n Institucional y Organizativa - Portfolio Grupo Khatnani","isPartOf":{"@id":"https:\/\/khatnani.es\/#website"},"primaryImageOfPage":{"@id":"https:\/\/khatnani.es\/informacion-institucional-y-organizativa#primaryimage"},"image":{"@id":"https:\/\/khatnani.es\/informacion-institucional-y-organizativa#primaryimage"},"thumbnailUrl":"https:\/\/khatnani.es\/wp-content\/uploads\/2025\/03\/ORGANIGRAMA-D25.png","datePublished":"2022-06-09T11:04:28+00:00","dateModified":"2025-03-27T15:04:05+00:00","breadcrumb":{"@id":"https:\/\/khatnani.es\/informacion-institucional-y-organizativa#breadcrumb"},"inLanguage":"en-US","potentialAction":[{"@type":"ReadAction","target":["https:\/\/khatnani.es\/informacion-institucional-y-organizativa"]}]},{"@type":"ImageObject","inLanguage":"en-US","@id":"https:\/\/khatnani.es\/informacion-institucional-y-organizativa#primaryimage","url":"https:\/\/khatnani.es\/wp-content\/uploads\/2025\/03\/ORGANIGRAMA-D25.png","contentUrl":"https:\/\/khatnani.es\/wp-content\/uploads\/2025\/03\/ORGANIGRAMA-D25.png"},{"@type":"BreadcrumbList","@id":"https:\/\/khatnani.es\/informacion-institucional-y-organizativa#breadcrumb","itemListElement":[{"@type":"ListItem","position":1,"name":"Portada","item":"https:\/\/khatnani.es\/"},{"@type":"ListItem","position":2,"name":"Informaci\u00f3n Institucional y Organizativa"}]},{"@type":"WebSite","@id":"https:\/\/khatnani.es\/#website","url":"https:\/\/khatnani.es\/","name":"Portfolio Grupo Khatnani","description":"Informacion de la empresa Khatnani S.L.","publisher":{"@id":"https:\/\/khatnani.es\/#organization"},"potentialAction":[{"@type":"SearchAction","target":{"@type":"EntryPoint","urlTemplate":"https:\/\/khatnani.es\/?s={search_term_string}"},"query-input":{"@type":"PropertyValueSpecification","valueRequired":true,"valueName":"search_term_string"}}],"inLanguage":"en-US"},{"@type":"Organization","@id":"https:\/\/khatnani.es\/#organization","name":"Portfolio Grupo Khatnani","url":"https:\/\/khatnani.es\/","logo":{"@type":"ImageObject","inLanguage":"en-US","@id":"https:\/\/khatnani.es\/#\/schema\/logo\/image\/","url":"https:\/\/khatnani.es\/wp-content\/uploads\/2022\/02\/cropped-KhatnaniGroup_240x55_Blanco-fondotrans_Mesa-de-trabajo-1-e1644486533183.png","contentUrl":"https:\/\/khatnani.es\/wp-content\/uploads\/2022\/02\/cropped-KhatnaniGroup_240x55_Blanco-fondotrans_Mesa-de-trabajo-1-e1644486533183.png","width":240,"height":56,"caption":"Portfolio Grupo Khatnani"},"image":{"@id":"https:\/\/khatnani.es\/#\/schema\/logo\/image\/"}}]}},"_links":{"self":[{"href":"https:\/\/khatnani.es\/en\/wp-json\/wp\/v2\/pages\/1635","targetHints":{"allow":["GET"]}}],"collection":[{"href":"https:\/\/khatnani.es\/en\/wp-json\/wp\/v2\/pages"}],"about":[{"href":"https:\/\/khatnani.es\/en\/wp-json\/wp\/v2\/types\/page"}],"author":[{"embeddable":true,"href":"https:\/\/khatnani.es\/en\/wp-json\/wp\/v2\/users\/1"}],"replies":[{"embeddable":true,"href":"https:\/\/khatnani.es\/en\/wp-json\/wp\/v2\/comments?post=1635"}],"version-history":[{"count":66,"href":"https:\/\/khatnani.es\/en\/wp-json\/wp\/v2\/pages\/1635\/revisions"}],"predecessor-version":[{"id":2146,"href":"https:\/\/khatnani.es\/en\/wp-json\/wp\/v2\/pages\/1635\/revisions\/2146"}],"wp:attachment":[{"href":"https:\/\/khatnani.es\/en\/wp-json\/wp\/v2\/media?parent=1635"}],"curies":[{"name":"wp","href":"https:\/\/api.w.org\/{rel}","templated":true}]}}