{"id":1753,"date":"2022-06-09T13:08:13","date_gmt":"2022-06-09T13:08:13","guid":{"rendered":"https:\/\/khatnani.es\/?page_id=1753"},"modified":"2025-03-28T14:43:39","modified_gmt":"2025-03-28T14:43:39","slug":"gestion-y-subvenciones","status":"publish","type":"page","link":"https:\/\/khatnani.es\/en\/gestion-y-subvenciones","title":{"rendered":"Gesti\u00f3n y Subvenciones"},"content":{"rendered":"<div data-elementor-type=\"wp-page\" data-elementor-id=\"1753\" class=\"elementor elementor-1753\">\n\t\t\t\t\t\t<section class=\"elementor-section elementor-top-section elementor-element elementor-element-053eddb elementor-section-boxed elementor-section-height-default elementor-section-height-default\" data-id=\"053eddb\" data-element_type=\"section\">\n\t\t\t\t\t\t<div class=\"elementor-container elementor-column-gap-default\">\n\t\t\t\t\t<div class=\"elementor-column elementor-col-100 elementor-top-column elementor-element elementor-element-702f20d\" data-id=\"702f20d\" data-element_type=\"column\">\n\t\t\t<div class=\"elementor-widget-wrap elementor-element-populated\">\n\t\t\t\t\t\t<div class=\"elementor-element elementor-element-49c5f40 elementor-widget elementor-widget-heading\" data-id=\"49c5f40\" data-element_type=\"widget\" data-widget_type=\"heading.default\">\n\t\t\t\t<div class=\"elementor-widget-container\">\n\t\t\t<h2 class=\"elementor-heading-title elementor-size-default\">FONDO EUROPEO DE DESARROLLO REGIONAL <\/h2>\t\t<\/div>\n\t\t\t\t<\/div>\n\t\t\t\t<div class=\"elementor-element elementor-element-c47c1f7 elementor-widget elementor-widget-image\" data-id=\"c47c1f7\" data-element_type=\"widget\" data-widget_type=\"image.default\">\n\t\t\t\t<div class=\"elementor-widget-container\">\n\t\t\t\t\t\t\t\t\t\t\t\t\t<img fetchpriority=\"high\" decoding=\"async\" width=\"800\" height=\"150\" src=\"https:\/\/khatnani.es\/wp-content\/uploads\/2022\/07\/BannerGobierno.png\" class=\"attachment-full size-full wp-image-1805\" alt=\"\" srcset=\"https:\/\/khatnani.es\/wp-content\/uploads\/2022\/07\/BannerGobierno.png 800w, https:\/\/khatnani.es\/wp-content\/uploads\/2022\/07\/BannerGobierno-300x56.png 300w, https:\/\/khatnani.es\/wp-content\/uploads\/2022\/07\/BannerGobierno-768x144.png 768w, https:\/\/khatnani.es\/wp-content\/uploads\/2022\/07\/BannerGobierno-18x3.png 18w\" sizes=\"(max-width: 800px) 100vw, 800px\" \/>\t\t\t\t\t\t\t\t\t\t\t\t\t<\/div>\n\t\t\t\t<\/div>\n\t\t\t\t<div class=\"elementor-element elementor-element-879a9b8 elementor-widget elementor-widget-text-editor\" data-id=\"879a9b8\" data-element_type=\"widget\" data-widget_type=\"text-editor.default\">\n\t\t\t\t<div class=\"elementor-widget-container\">\n\t\t\t\t\t\t\t<p>Proyecto cofinanciado por el Fondo Europeo de Desarrollo Regional como parte de la respuesta de la Uni\u00f3n a la pandemia de COVID-19: Linea 2 Subvenciones dirigidas al mantenimiento de la actividad de personas trabajadoras aut\u00f3nomas y peque\u00f1as y medianas empresas, de los sectores m\u00e1s afectados por la crisis derivada de la COVID-19<\/p>\t\t\t\t\t\t<\/div>\n\t\t\t\t<\/div>\n\t\t\t\t\t<\/div>\n\t\t<\/div>\n\t\t\t\t\t<\/div>\n\t\t<\/section>\n\t\t\t\t<section class=\"elementor-section elementor-top-section elementor-element elementor-element-1ecb3a74 elementor-section-boxed elementor-section-height-default elementor-section-height-default\" data-id=\"1ecb3a74\" data-element_type=\"section\">\n\t\t\t\t\t\t<div class=\"elementor-container elementor-column-gap-default\">\n\t\t\t\t\t<div class=\"elementor-column elementor-col-100 elementor-top-column elementor-element elementor-element-7a833a2b\" data-id=\"7a833a2b\" data-element_type=\"column\">\n\t\t\t<div class=\"elementor-widget-wrap elementor-element-populated\">\n\t\t\t\t\t\t<div class=\"elementor-element elementor-element-48709fa0 elementor-widget elementor-widget-text-editor\" data-id=\"48709fa0\" data-element_type=\"widget\" data-widget_type=\"text-editor.default\">\n\t\t\t\t<div class=\"elementor-widget-container\">\n\t\t\t\t\t\t\t<!-- wp:fl-builder\/layout \/-->\t\t\t\t\t\t<\/div>\n\t\t\t\t<\/div>\n\t\t\t\t<div class=\"elementor-element elementor-element-a256a59 elementor-widget elementor-widget-text-editor\" data-id=\"a256a59\" data-element_type=\"widget\" data-widget_type=\"text-editor.default\">\n\t\t\t\t<div class=\"elementor-widget-container\">\n\t\t\t\t\t\t\t<p><span style=\"color: #000000;\">Mostramos el cuadro de informaci\u00f3n sobre subvenciones p\u00fablicas solicitadas hasta la fecha, en relaci\u00f3n al Fondo Europeo Regional. <\/span><\/p>\t\t\t\t\t\t<\/div>\n\t\t\t\t<\/div>\n\t\t\t\t<div class=\"elementor-element elementor-element-ae4d61a elementor-widget elementor-widget-image\" data-id=\"ae4d61a\" data-element_type=\"widget\" data-widget_type=\"image.default\">\n\t\t\t\t<div class=\"elementor-widget-container\">\n\t\t\t\t\t\t\t\t\t\t\t\t\t<img decoding=\"async\" width=\"2048\" height=\"686\" src=\"https:\/\/khatnani.es\/wp-content\/uploads\/2022\/06\/Cuadro1_Subvenciones-2048x686.png\" class=\"attachment-2048x2048 size-2048x2048 wp-image-1755\" alt=\"\" srcset=\"https:\/\/khatnani.es\/wp-content\/uploads\/2022\/06\/Cuadro1_Subvenciones-2048x686.png 2048w, https:\/\/khatnani.es\/wp-content\/uploads\/2022\/06\/Cuadro1_Subvenciones-300x100.png 300w, https:\/\/khatnani.es\/wp-content\/uploads\/2022\/06\/Cuadro1_Subvenciones-1024x343.png 1024w, https:\/\/khatnani.es\/wp-content\/uploads\/2022\/06\/Cuadro1_Subvenciones-768x257.png 768w, https:\/\/khatnani.es\/wp-content\/uploads\/2022\/06\/Cuadro1_Subvenciones-1536x514.png 1536w, https:\/\/khatnani.es\/wp-content\/uploads\/2022\/06\/Cuadro1_Subvenciones-18x6.png 18w\" sizes=\"(max-width: 2048px) 100vw, 2048px\" \/>\t\t\t\t\t\t\t\t\t\t\t\t\t<\/div>\n\t\t\t\t<\/div>\n\t\t\t\t\t<\/div>\n\t\t<\/div>\n\t\t\t\t\t<\/div>\n\t\t<\/section>\n\t\t\t\t<section class=\"elementor-section elementor-top-section elementor-element elementor-element-00d64a1 elementor-section-boxed elementor-section-height-default elementor-section-height-default\" data-id=\"00d64a1\" data-element_type=\"section\">\n\t\t\t\t\t\t<div class=\"elementor-container elementor-column-gap-default\">\n\t\t\t\t\t<div class=\"elementor-column elementor-col-100 elementor-top-column elementor-element elementor-element-9f6a8a6\" data-id=\"9f6a8a6\" data-element_type=\"column\">\n\t\t\t<div class=\"elementor-widget-wrap elementor-element-populated\">\n\t\t\t\t\t\t<div class=\"elementor-element elementor-element-c0ff737 elementor-widget elementor-widget-spacer\" data-id=\"c0ff737\" data-element_type=\"widget\" data-widget_type=\"spacer.default\">\n\t\t\t\t<div class=\"elementor-widget-container\">\n\t\t\t\t\t<div class=\"elementor-spacer\">\n\t\t\t<div class=\"elementor-spacer-inner\"><\/div>\n\t\t<\/div>\n\t\t\t\t<\/div>\n\t\t\t\t<\/div>\n\t\t\t\t<div class=\"elementor-element elementor-element-0d03cdc elementor-widget elementor-widget-heading\" data-id=\"0d03cdc\" data-element_type=\"widget\" data-widget_type=\"heading.default\">\n\t\t\t\t<div class=\"elementor-widget-container\">\n\t\t\t<h2 class=\"elementor-heading-title elementor-size-default\">PROGRAMA MOVES III MOVILIDAD EFICIENTE &amp; SOSTENIBLE<\/h2>\t\t<\/div>\n\t\t\t\t<\/div>\n\t\t\t\t<div class=\"elementor-element elementor-element-085fdce elementor-widget elementor-widget-text-editor\" data-id=\"085fdce\" data-element_type=\"widget\" data-widget_type=\"text-editor.default\">\n\t\t\t\t<div class=\"elementor-widget-container\">\n\t\t\t\t\t\t\t<p>Subvenci\u00f3n ligada a la movilidad el\u00e9ctrica MOVES III, en el marco del Plan de Recuperaci\u00f3n, Transformaci\u00f3n y Resiliencia Europeo, por la que se conceden incentivos para la ejecuci\u00f3n de programas en materia de transici\u00f3n ecol\u00f3gica y eficiencia energ\u00e9tica.\u00a0<\/p>\t\t\t\t\t\t<\/div>\n\t\t\t\t<\/div>\n\t\t\t\t<div class=\"elementor-element elementor-element-75102dd elementor-widget elementor-widget-image\" data-id=\"75102dd\" data-element_type=\"widget\" data-widget_type=\"image.default\">\n\t\t\t\t<div class=\"elementor-widget-container\">\n\t\t\t\t\t\t\t\t\t\t\t\t\t<img decoding=\"async\" width=\"1185\" height=\"87\" src=\"https:\/\/khatnani.es\/wp-content\/uploads\/2024\/06\/proyecto-move-iii-1.jpg\" class=\"attachment-full size-full wp-image-1954\" alt=\"\" srcset=\"https:\/\/khatnani.es\/wp-content\/uploads\/2024\/06\/proyecto-move-iii-1.jpg 1185w, https:\/\/khatnani.es\/wp-content\/uploads\/2024\/06\/proyecto-move-iii-1-300x22.jpg 300w, https:\/\/khatnani.es\/wp-content\/uploads\/2024\/06\/proyecto-move-iii-1-1024x75.jpg 1024w, https:\/\/khatnani.es\/wp-content\/uploads\/2024\/06\/proyecto-move-iii-1-768x56.jpg 768w, https:\/\/khatnani.es\/wp-content\/uploads\/2024\/06\/proyecto-move-iii-1-18x1.jpg 18w, https:\/\/khatnani.es\/wp-content\/uploads\/2024\/06\/proyecto-move-iii-1-1170x87.jpg 1170w\" sizes=\"(max-width: 1185px) 100vw, 1185px\" \/>\t\t\t\t\t\t\t\t\t\t\t\t\t<\/div>\n\t\t\t\t<\/div>\n\t\t\t\t\t<\/div>\n\t\t<\/div>\n\t\t\t\t\t<\/div>\n\t\t<\/section>\n\t\t\t\t<section class=\"elementor-section elementor-top-section elementor-element elementor-element-971c301 elementor-section-boxed elementor-section-height-default elementor-section-height-default\" data-id=\"971c301\" data-element_type=\"section\">\n\t\t\t\t\t\t<div class=\"elementor-container elementor-column-gap-default\">\n\t\t\t\t\t<div class=\"elementor-column elementor-col-100 elementor-top-column elementor-element elementor-element-1a614ec\" data-id=\"1a614ec\" data-element_type=\"column\">\n\t\t\t<div class=\"elementor-widget-wrap elementor-element-populated\">\n\t\t\t\t\t\t<div class=\"elementor-element elementor-element-b7497c7 elementor-widget elementor-widget-text-editor\" data-id=\"b7497c7\" data-element_type=\"widget\" data-widget_type=\"text-editor.default\">\n\t\t\t\t<div class=\"elementor-widget-container\">\n\t\t\t\t\t\t\t<!-- wp:fl-builder\/layout \/-->\t\t\t\t\t\t<\/div>\n\t\t\t\t<\/div>\n\t\t\t\t<div class=\"elementor-element elementor-element-94d7bc7 elementor-widget elementor-widget-text-editor\" data-id=\"94d7bc7\" data-element_type=\"widget\" data-widget_type=\"text-editor.default\">\n\t\t\t\t<div class=\"elementor-widget-container\">\n\t\t\t\t\t\t\t<p><span style=\"color: #000000;\">Cuadro de informaci\u00f3n sobre subvenciones p\u00fablicas solicitadas, en relaci\u00f3n a la eficiencia energ\u00e9tica.\u00a0<\/span><\/p>\t\t\t\t\t\t<\/div>\n\t\t\t\t<\/div>\n\t\t\t\t<div class=\"elementor-element elementor-element-9bac817 elementor-widget elementor-widget-image\" data-id=\"9bac817\" data-element_type=\"widget\" data-widget_type=\"image.default\">\n\t\t\t\t<div class=\"elementor-widget-container\">\n\t\t\t\t\t\t\t\t\t\t\t\t\t<img loading=\"lazy\" decoding=\"async\" width=\"1637\" height=\"141\" src=\"https:\/\/khatnani.es\/wp-content\/uploads\/2024\/06\/proyecto-move-iii.jpg\" class=\"attachment-full size-full wp-image-1953\" alt=\"\" srcset=\"https:\/\/khatnani.es\/wp-content\/uploads\/2024\/06\/proyecto-move-iii.jpg 1637w, https:\/\/khatnani.es\/wp-content\/uploads\/2024\/06\/proyecto-move-iii-300x26.jpg 300w, https:\/\/khatnani.es\/wp-content\/uploads\/2024\/06\/proyecto-move-iii-1024x88.jpg 1024w, https:\/\/khatnani.es\/wp-content\/uploads\/2024\/06\/proyecto-move-iii-768x66.jpg 768w, https:\/\/khatnani.es\/wp-content\/uploads\/2024\/06\/proyecto-move-iii-1536x132.jpg 1536w, https:\/\/khatnani.es\/wp-content\/uploads\/2024\/06\/proyecto-move-iii-18x2.jpg 18w\" sizes=\"(max-width: 1637px) 100vw, 1637px\" \/>\t\t\t\t\t\t\t\t\t\t\t\t\t<\/div>\n\t\t\t\t<\/div>\n\t\t\t\t<div class=\"elementor-element elementor-element-87ca244 elementor-widget elementor-widget-image\" data-id=\"87ca244\" data-element_type=\"widget\" data-widget_type=\"image.default\">\n\t\t\t\t<div class=\"elementor-widget-container\">\n\t\t\t\t\t\t\t\t\t\t\t\t\t<img loading=\"lazy\" decoding=\"async\" width=\"265\" height=\"186\" src=\"https:\/\/khatnani.es\/wp-content\/uploads\/2024\/06\/move-3-2.png\" class=\"attachment-large size-large wp-image-1960\" alt=\"\" srcset=\"https:\/\/khatnani.es\/wp-content\/uploads\/2024\/06\/move-3-2.png 265w, https:\/\/khatnani.es\/wp-content\/uploads\/2024\/06\/move-3-2-18x12.png 18w\" sizes=\"(max-width: 265px) 100vw, 265px\" \/>\t\t\t\t\t\t\t\t\t\t\t\t\t<\/div>\n\t\t\t\t<\/div>\n\t\t\t\t\t<\/div>\n\t\t<\/div>\n\t\t\t\t\t<\/div>\n\t\t<\/section>\n\t\t\t\t<section class=\"elementor-section elementor-top-section elementor-element elementor-element-d19c831 elementor-section-boxed elementor-section-height-default elementor-section-height-default\" data-id=\"d19c831\" data-element_type=\"section\">\n\t\t\t\t\t\t<div class=\"elementor-container elementor-column-gap-default\">\n\t\t\t\t\t<div class=\"elementor-column elementor-col-100 elementor-top-column elementor-element elementor-element-0f7c54e\" data-id=\"0f7c54e\" data-element_type=\"column\">\n\t\t\t<div class=\"elementor-widget-wrap elementor-element-populated\">\n\t\t\t\t\t\t<div class=\"elementor-element elementor-element-cd35142 elementor-widget elementor-widget-heading\" data-id=\"cd35142\" data-element_type=\"widget\" data-widget_type=\"heading.default\">\n\t\t\t\t<div class=\"elementor-widget-container\">\n\t\t\t<h2 class=\"elementor-heading-title elementor-size-default\">Documentaci\u00f3n<\/h2>\t\t<\/div>\n\t\t\t\t<\/div>\n\t\t\t\t<div class=\"elementor-element elementor-element-4bfa31e elementor-widget elementor-widget-text-editor\" data-id=\"4bfa31e\" data-element_type=\"widget\" data-widget_type=\"text-editor.default\">\n\t\t\t\t<div class=\"elementor-widget-container\">\n\t\t\t\t\t\t\t<p style=\"text-align: center;\"><span style=\"color: #000000;\"><strong>L\u00ednea covid de ayudas directas a empresas<\/strong><\/span><\/p>\n<p><a href=\"https:\/\/khatnani.es\/wp-content\/uploads\/2022\/06\/Linea-Covid-de-ayudas-directas-a-empresas.pdf\" rel=\"attachment wp-att-1677\"><img loading=\"lazy\" decoding=\"async\" class=\"aligncenter wp-image-1677\" src=\"https:\/\/khatnani.es\/wp-content\/uploads\/2022\/06\/pdf-300x300.png\" alt=\"\" width=\"155\" height=\"155\" srcset=\"https:\/\/khatnani.es\/wp-content\/uploads\/2022\/06\/pdf-300x300.png 300w, https:\/\/khatnani.es\/wp-content\/uploads\/2022\/06\/pdf-150x150.png 150w, https:\/\/khatnani.es\/wp-content\/uploads\/2022\/06\/pdf-12x12.png 12w, https:\/\/khatnani.es\/wp-content\/uploads\/2022\/06\/pdf-111x111.png 111w, https:\/\/khatnani.es\/wp-content\/uploads\/2022\/06\/pdf.png 512w\" sizes=\"(max-width: 155px) 100vw, 155px\" \/><\/a><\/p>\t\t\t\t\t\t<\/div>\n\t\t\t\t<\/div>\n\t\t\t\t<div class=\"elementor-element elementor-element-f322e94 elementor-widget elementor-widget-text-editor\" data-id=\"f322e94\" data-element_type=\"widget\" data-widget_type=\"text-editor.default\">\n\t\t\t\t<div class=\"elementor-widget-container\">\n\t\t\t\t\t\t\t<p style=\"text-align: center;\"><span style=\"color: #000000;\"><strong>Subvenciones dirigidas al mantenimiento de la actividad<\/strong><\/span><\/p>\n<p><a href=\"https:\/\/khatnani.es\/wp-content\/uploads\/2022\/06\/Subvenciones-dirigidas-al-mantenimiento-de-la-actividad.pdf\" rel=\"attachment wp-att-1677\"><img loading=\"lazy\" decoding=\"async\" class=\"aligncenter\" src=\"https:\/\/khatnani.es\/wp-content\/uploads\/2022\/06\/pdf-300x300.png\" alt=\"\" width=\"155\" height=\"155\" \/><\/a><\/p>\t\t\t\t\t\t<\/div>\n\t\t\t\t<\/div>\n\t\t\t\t<div class=\"elementor-element elementor-element-07c1b61 elementor-widget elementor-widget-text-editor\" data-id=\"07c1b61\" data-element_type=\"widget\" data-widget_type=\"text-editor.default\">\n\t\t\t\t<div class=\"elementor-widget-container\">\n\t\t\t\t\t\t\t<p style=\"text-align: center;\"><span style=\"color: #000000;\"><strong>Resoluci\u00f3n de la direcci\u00f3n general de energ\u00eda de concesi\u00f3n de subvenciones<\/strong><\/span><\/p>\n<p><a href=\"https:\/\/khatnani.es\/wp-content\/uploads\/2024\/06\/MODELO-RESOLUCION-CONCESION.pdf\" rel=\"attachment wp-att-1677\"><img loading=\"lazy\" decoding=\"async\" class=\"aligncenter\" src=\"https:\/\/khatnani.es\/wp-content\/uploads\/2022\/06\/pdf-300x300.png\" alt=\"\" width=\"155\" height=\"155\" \/><\/a><\/p>\t\t\t\t\t\t<\/div>\n\t\t\t\t<\/div>\n\t\t\t\t\t<\/div>\n\t\t<\/div>\n\t\t\t\t\t<\/div>\n\t\t<\/section>\n\t\t\t\t<\/div>","protected":false},"excerpt":{"rendered":"<p>FONDO EUROPEO DE DESARROLLO REGIONAL Proyecto cofinanciado por el Fondo Europeo de Desarrollo Regional como parte de la respuesta de la Uni\u00f3n a la pandemia de COVID-19: Linea 2 Subvenciones dirigidas al mantenimiento de la actividad de personas trabajadoras aut\u00f3nomas &hellip; <\/p>","protected":false},"author":1,"featured_media":0,"parent":0,"menu_order":0,"comment_status":"closed","ping_status":"closed","template":"","meta":{"footnotes":""},"class_list":["post-1753","page","type-page","status-publish","hentry"],"yoast_head":"<!-- This site is optimized with the Yoast SEO plugin v27.5 - https:\/\/yoast.com\/product\/yoast-seo-wordpress\/ -->\n<title>Gesti\u00f3n y Subvenciones - Portfolio Grupo Khatnani<\/title>\n<meta name=\"robots\" content=\"index, follow, max-snippet:-1, max-image-preview:large, max-video-preview:-1\" \/>\n<link rel=\"canonical\" href=\"https:\/\/khatnani.es\/en\/gestion-y-subvenciones\/\" \/>\n<meta property=\"og:locale\" content=\"en_US\" \/>\n<meta property=\"og:type\" content=\"article\" \/>\n<meta property=\"og:title\" content=\"Gesti\u00f3n y Subvenciones - Portfolio Grupo Khatnani\" \/>\n<meta property=\"og:description\" content=\"FONDO EUROPEO DE DESARROLLO REGIONAL Proyecto cofinanciado por el Fondo Europeo de Desarrollo Regional como parte de la respuesta de la Uni\u00f3n a la pandemia de COVID-19: Linea 2 Subvenciones dirigidas al mantenimiento de la actividad de personas trabajadoras aut\u00f3nomas &hellip;\" \/>\n<meta property=\"og:url\" content=\"https:\/\/khatnani.es\/en\/gestion-y-subvenciones\/\" \/>\n<meta property=\"og:site_name\" content=\"Portfolio Grupo Khatnani\" \/>\n<meta property=\"article:modified_time\" content=\"2025-03-28T14:43:39+00:00\" \/>\n<meta property=\"og:image\" content=\"https:\/\/khatnani.es\/wp-content\/uploads\/2022\/07\/BannerGobierno.png\" \/>\n\t<meta property=\"og:image:width\" content=\"800\" \/>\n\t<meta property=\"og:image:height\" content=\"150\" \/>\n\t<meta property=\"og:image:type\" content=\"image\/png\" \/>\n<meta name=\"twitter:card\" content=\"summary_large_image\" \/>\n<meta name=\"twitter:label1\" content=\"Est. reading time\" \/>\n\t<meta name=\"twitter:data1\" content=\"2 minutes\" \/>\n<script type=\"application\/ld+json\" class=\"yoast-schema-graph\">{\"@context\":\"https:\\\/\\\/schema.org\",\"@graph\":[{\"@type\":\"WebPage\",\"@id\":\"https:\\\/\\\/khatnani.es\\\/gestion-y-subvenciones\",\"url\":\"https:\\\/\\\/khatnani.es\\\/gestion-y-subvenciones\",\"name\":\"Gesti\u00f3n y Subvenciones - Portfolio Grupo Khatnani\",\"isPartOf\":{\"@id\":\"https:\\\/\\\/khatnani.es\\\/#website\"},\"primaryImageOfPage\":{\"@id\":\"https:\\\/\\\/khatnani.es\\\/gestion-y-subvenciones#primaryimage\"},\"image\":{\"@id\":\"https:\\\/\\\/khatnani.es\\\/gestion-y-subvenciones#primaryimage\"},\"thumbnailUrl\":\"https:\\\/\\\/khatnani.es\\\/wp-content\\\/uploads\\\/2022\\\/07\\\/BannerGobierno.png\",\"datePublished\":\"2022-06-09T13:08:13+00:00\",\"dateModified\":\"2025-03-28T14:43:39+00:00\",\"breadcrumb\":{\"@id\":\"https:\\\/\\\/khatnani.es\\\/gestion-y-subvenciones#breadcrumb\"},\"inLanguage\":\"en-US\",\"potentialAction\":[{\"@type\":\"ReadAction\",\"target\":[\"https:\\\/\\\/khatnani.es\\\/gestion-y-subvenciones\"]}]},{\"@type\":\"ImageObject\",\"inLanguage\":\"en-US\",\"@id\":\"https:\\\/\\\/khatnani.es\\\/gestion-y-subvenciones#primaryimage\",\"url\":\"https:\\\/\\\/khatnani.es\\\/wp-content\\\/uploads\\\/2022\\\/07\\\/BannerGobierno.png\",\"contentUrl\":\"https:\\\/\\\/khatnani.es\\\/wp-content\\\/uploads\\\/2022\\\/07\\\/BannerGobierno.png\"},{\"@type\":\"BreadcrumbList\",\"@id\":\"https:\\\/\\\/khatnani.es\\\/gestion-y-subvenciones#breadcrumb\",\"itemListElement\":[{\"@type\":\"ListItem\",\"position\":1,\"name\":\"Portada\",\"item\":\"https:\\\/\\\/khatnani.es\\\/\"},{\"@type\":\"ListItem\",\"position\":2,\"name\":\"Gesti\u00f3n y Subvenciones\"}]},{\"@type\":\"WebSite\",\"@id\":\"https:\\\/\\\/khatnani.es\\\/#website\",\"url\":\"https:\\\/\\\/khatnani.es\\\/\",\"name\":\"Portfolio Grupo Khatnani\",\"description\":\"Informacion de la empresa Khatnani S.L.\",\"publisher\":{\"@id\":\"https:\\\/\\\/khatnani.es\\\/#organization\"},\"potentialAction\":[{\"@type\":\"SearchAction\",\"target\":{\"@type\":\"EntryPoint\",\"urlTemplate\":\"https:\\\/\\\/khatnani.es\\\/?s={search_term_string}\"},\"query-input\":{\"@type\":\"PropertyValueSpecification\",\"valueRequired\":true,\"valueName\":\"search_term_string\"}}],\"inLanguage\":\"en-US\"},{\"@type\":\"Organization\",\"@id\":\"https:\\\/\\\/khatnani.es\\\/#organization\",\"name\":\"Portfolio Grupo Khatnani\",\"url\":\"https:\\\/\\\/khatnani.es\\\/\",\"logo\":{\"@type\":\"ImageObject\",\"inLanguage\":\"en-US\",\"@id\":\"https:\\\/\\\/khatnani.es\\\/#\\\/schema\\\/logo\\\/image\\\/\",\"url\":\"https:\\\/\\\/khatnani.es\\\/wp-content\\\/uploads\\\/2022\\\/02\\\/cropped-KhatnaniGroup_240x55_Blanco-fondotrans_Mesa-de-trabajo-1-e1644486533183.png\",\"contentUrl\":\"https:\\\/\\\/khatnani.es\\\/wp-content\\\/uploads\\\/2022\\\/02\\\/cropped-KhatnaniGroup_240x55_Blanco-fondotrans_Mesa-de-trabajo-1-e1644486533183.png\",\"width\":240,\"height\":56,\"caption\":\"Portfolio Grupo Khatnani\"},\"image\":{\"@id\":\"https:\\\/\\\/khatnani.es\\\/#\\\/schema\\\/logo\\\/image\\\/\"}}]}<\/script>\n<!-- \/ Yoast SEO plugin. -->","yoast_head_json":{"title":"Gesti\u00f3n y Subvenciones - Portfolio Grupo Khatnani","robots":{"index":"index","follow":"follow","max-snippet":"max-snippet:-1","max-image-preview":"max-image-preview:large","max-video-preview":"max-video-preview:-1"},"canonical":"https:\/\/khatnani.es\/en\/gestion-y-subvenciones\/","og_locale":"en_US","og_type":"article","og_title":"Gesti\u00f3n y Subvenciones - Portfolio Grupo Khatnani","og_description":"FONDO EUROPEO DE DESARROLLO REGIONAL Proyecto cofinanciado por el Fondo Europeo de Desarrollo Regional como parte de la respuesta de la Uni\u00f3n a la pandemia de COVID-19: Linea 2 Subvenciones dirigidas al mantenimiento de la actividad de personas trabajadoras aut\u00f3nomas &hellip;","og_url":"https:\/\/khatnani.es\/en\/gestion-y-subvenciones\/","og_site_name":"Portfolio Grupo Khatnani","article_modified_time":"2025-03-28T14:43:39+00:00","og_image":[{"width":800,"height":150,"url":"https:\/\/khatnani.es\/wp-content\/uploads\/2022\/07\/BannerGobierno.png","type":"image\/png"}],"twitter_card":"summary_large_image","twitter_misc":{"Est. reading time":"2 minutes"},"schema":{"@context":"https:\/\/schema.org","@graph":[{"@type":"WebPage","@id":"https:\/\/khatnani.es\/gestion-y-subvenciones","url":"https:\/\/khatnani.es\/gestion-y-subvenciones","name":"Gesti\u00f3n y Subvenciones - Portfolio Grupo Khatnani","isPartOf":{"@id":"https:\/\/khatnani.es\/#website"},"primaryImageOfPage":{"@id":"https:\/\/khatnani.es\/gestion-y-subvenciones#primaryimage"},"image":{"@id":"https:\/\/khatnani.es\/gestion-y-subvenciones#primaryimage"},"thumbnailUrl":"https:\/\/khatnani.es\/wp-content\/uploads\/2022\/07\/BannerGobierno.png","datePublished":"2022-06-09T13:08:13+00:00","dateModified":"2025-03-28T14:43:39+00:00","breadcrumb":{"@id":"https:\/\/khatnani.es\/gestion-y-subvenciones#breadcrumb"},"inLanguage":"en-US","potentialAction":[{"@type":"ReadAction","target":["https:\/\/khatnani.es\/gestion-y-subvenciones"]}]},{"@type":"ImageObject","inLanguage":"en-US","@id":"https:\/\/khatnani.es\/gestion-y-subvenciones#primaryimage","url":"https:\/\/khatnani.es\/wp-content\/uploads\/2022\/07\/BannerGobierno.png","contentUrl":"https:\/\/khatnani.es\/wp-content\/uploads\/2022\/07\/BannerGobierno.png"},{"@type":"BreadcrumbList","@id":"https:\/\/khatnani.es\/gestion-y-subvenciones#breadcrumb","itemListElement":[{"@type":"ListItem","position":1,"name":"Portada","item":"https:\/\/khatnani.es\/"},{"@type":"ListItem","position":2,"name":"Gesti\u00f3n y Subvenciones"}]},{"@type":"WebSite","@id":"https:\/\/khatnani.es\/#website","url":"https:\/\/khatnani.es\/","name":"Portfolio Grupo Khatnani","description":"Informacion de la empresa Khatnani S.L.","publisher":{"@id":"https:\/\/khatnani.es\/#organization"},"potentialAction":[{"@type":"SearchAction","target":{"@type":"EntryPoint","urlTemplate":"https:\/\/khatnani.es\/?s={search_term_string}"},"query-input":{"@type":"PropertyValueSpecification","valueRequired":true,"valueName":"search_term_string"}}],"inLanguage":"en-US"},{"@type":"Organization","@id":"https:\/\/khatnani.es\/#organization","name":"Portfolio Grupo Khatnani","url":"https:\/\/khatnani.es\/","logo":{"@type":"ImageObject","inLanguage":"en-US","@id":"https:\/\/khatnani.es\/#\/schema\/logo\/image\/","url":"https:\/\/khatnani.es\/wp-content\/uploads\/2022\/02\/cropped-KhatnaniGroup_240x55_Blanco-fondotrans_Mesa-de-trabajo-1-e1644486533183.png","contentUrl":"https:\/\/khatnani.es\/wp-content\/uploads\/2022\/02\/cropped-KhatnaniGroup_240x55_Blanco-fondotrans_Mesa-de-trabajo-1-e1644486533183.png","width":240,"height":56,"caption":"Portfolio Grupo Khatnani"},"image":{"@id":"https:\/\/khatnani.es\/#\/schema\/logo\/image\/"}}]}},"_links":{"self":[{"href":"https:\/\/khatnani.es\/en\/wp-json\/wp\/v2\/pages\/1753","targetHints":{"allow":["GET"]}}],"collection":[{"href":"https:\/\/khatnani.es\/en\/wp-json\/wp\/v2\/pages"}],"about":[{"href":"https:\/\/khatnani.es\/en\/wp-json\/wp\/v2\/types\/page"}],"author":[{"embeddable":true,"href":"https:\/\/khatnani.es\/en\/wp-json\/wp\/v2\/users\/1"}],"replies":[{"embeddable":true,"href":"https:\/\/khatnani.es\/en\/wp-json\/wp\/v2\/comments?post=1753"}],"version-history":[{"count":19,"href":"https:\/\/khatnani.es\/en\/wp-json\/wp\/v2\/pages\/1753\/revisions"}],"predecessor-version":[{"id":2357,"href":"https:\/\/khatnani.es\/en\/wp-json\/wp\/v2\/pages\/1753\/revisions\/2357"}],"wp:attachment":[{"href":"https:\/\/khatnani.es\/en\/wp-json\/wp\/v2\/media?parent=1753"}],"curies":[{"name":"wp","href":"https:\/\/api.w.org\/{rel}","templated":true}]}}