{"id":465,"date":"2022-01-25T12:30:33","date_gmt":"2022-01-25T12:30:33","guid":{"rendered":"http:\/\/pre.khatnani.es\/?page_id=465"},"modified":"2025-03-28T09:32:38","modified_gmt":"2025-03-28T09:32:38","slug":"nuestra-historia","status":"publish","type":"page","link":"https:\/\/khatnani.es\/en\/nuestra-historia","title":{"rendered":"About Us"},"content":{"rendered":"<p class=\"has-medium-font-size\"><strong>About Us<\/strong><\/p>\n\n\n\n<div class=\"wp-block-media-text alignwide has-media-on-the-right is-stacked-on-mobile\"><div class=\"wp-block-media-text__content\">\n<p>Our story begins in 1957 with the arrival of Mr. Khatnani Douglas to the island of Gran Canaria from India, where he worked acquiring experience in bazaars aimed at Nordic, English and German tourists.<br>In 1966 he opened his first owned shop in Calle Albareda, (in the vicinity of Las Canteras Beach and the popular Parque de Santa Catalina). In the following four years, with the help of his brothers, he already had five shops.<br>In 1975, as a result of the boom in tourism in the south of the island of Gran Canaria, the company moved to Playa del Ingl\u00e9s, in the Metro Shopping Centre, with a 100 m2 boutique, bazaar and perfume shop. With the arrival of the 2000s, the company's great expansion took place, acquiring premises and opening points of sale in the main tourist areas of the Canary Islands.<\/p>\n<\/div><figure class=\"wp-block-media-text__media\"><img fetchpriority=\"high\" decoding=\"async\" width=\"1024\" height=\"683\" src=\"http:\/\/khatnani.es\/wp-content\/uploads\/2022\/02\/BAJA-Inauguracion-Esennia-Aldo-Meloneras-2019-Pablo-Mirabelli-065-1024x683.jpg\" alt=\"\" class=\"wp-image-1055 size-full\" srcset=\"https:\/\/khatnani.es\/wp-content\/uploads\/2022\/02\/BAJA-Inauguracion-Esennia-Aldo-Meloneras-2019-Pablo-Mirabelli-065-1024x683.jpg 1024w, https:\/\/khatnani.es\/wp-content\/uploads\/2022\/02\/BAJA-Inauguracion-Esennia-Aldo-Meloneras-2019-Pablo-Mirabelli-065-300x200.jpg 300w, https:\/\/khatnani.es\/wp-content\/uploads\/2022\/02\/BAJA-Inauguracion-Esennia-Aldo-Meloneras-2019-Pablo-Mirabelli-065-768x512.jpg 768w, https:\/\/khatnani.es\/wp-content\/uploads\/2022\/02\/BAJA-Inauguracion-Esennia-Aldo-Meloneras-2019-Pablo-Mirabelli-065-18x12.jpg 18w, https:\/\/khatnani.es\/wp-content\/uploads\/2022\/02\/BAJA-Inauguracion-Esennia-Aldo-Meloneras-2019-Pablo-Mirabelli-065.jpg 1200w\" sizes=\"(max-width: 1024px) 100vw, 1024px\" \/><\/figure><\/div>\n\n\n\n<hr class=\"wp-block-separator has-css-opacity\"\/>\n\n\n\n<p class=\"has-medium-font-size\"><strong>The business<\/strong><\/p>\n\n\n\n<p>From now on, the Khatnani company develops its economic activity in two business divisions:<\/p>\n\n\n\n<p>Perfumery and franchising.<br>At present, these are the shops that the group manages:<\/p>\n\n\n\n<figure class=\"wp-block-image size-full\"><img decoding=\"async\" width=\"1920\" height=\"1080\" src=\"https:\/\/khatnani.es\/wp-content\/uploads\/2025\/03\/corregidas-ambos_Mesa-de-trabajo-1-copia.png\" alt=\"\" class=\"wp-image-2268\" style=\"aspect-ratio:16\/9;object-fit:contain\" srcset=\"https:\/\/khatnani.es\/wp-content\/uploads\/2025\/03\/corregidas-ambos_Mesa-de-trabajo-1-copia.png 1920w, https:\/\/khatnani.es\/wp-content\/uploads\/2025\/03\/corregidas-ambos_Mesa-de-trabajo-1-copia-300x169.png 300w, https:\/\/khatnani.es\/wp-content\/uploads\/2025\/03\/corregidas-ambos_Mesa-de-trabajo-1-copia-1024x576.png 1024w, https:\/\/khatnani.es\/wp-content\/uploads\/2025\/03\/corregidas-ambos_Mesa-de-trabajo-1-copia-768x432.png 768w, https:\/\/khatnani.es\/wp-content\/uploads\/2025\/03\/corregidas-ambos_Mesa-de-trabajo-1-copia-1536x864.png 1536w, https:\/\/khatnani.es\/wp-content\/uploads\/2025\/03\/corregidas-ambos_Mesa-de-trabajo-1-copia-18x10.png 18w\" sizes=\"(max-width: 1920px) 100vw, 1920px\" \/><\/figure>\n\n\n\n<hr class=\"wp-block-separator has-alpha-channel-opacity\"\/>\n\n\n\n<p class=\"has-medium-font-size\"><strong>Company<\/strong><\/p>\n\n\n<div class=\"wp-block-image\">\n<figure class=\"aligncenter size-full\"><img decoding=\"async\" width=\"1920\" height=\"1080\" src=\"https:\/\/khatnani.es\/wp-content\/uploads\/2025\/03\/corregidas-ambos_Mesa-de-trabajo-1.png\" alt=\"\" class=\"wp-image-2270\" style=\"aspect-ratio:16\/9;object-fit:cover\" srcset=\"https:\/\/khatnani.es\/wp-content\/uploads\/2025\/03\/corregidas-ambos_Mesa-de-trabajo-1.png 1920w, https:\/\/khatnani.es\/wp-content\/uploads\/2025\/03\/corregidas-ambos_Mesa-de-trabajo-1-300x169.png 300w, https:\/\/khatnani.es\/wp-content\/uploads\/2025\/03\/corregidas-ambos_Mesa-de-trabajo-1-1024x576.png 1024w, https:\/\/khatnani.es\/wp-content\/uploads\/2025\/03\/corregidas-ambos_Mesa-de-trabajo-1-768x432.png 768w, https:\/\/khatnani.es\/wp-content\/uploads\/2025\/03\/corregidas-ambos_Mesa-de-trabajo-1-1536x864.png 1536w, https:\/\/khatnani.es\/wp-content\/uploads\/2025\/03\/corregidas-ambos_Mesa-de-trabajo-1-18x10.png 18w\" sizes=\"(max-width: 1920px) 100vw, 1920px\" \/><\/figure>\n<\/div>\n\n\n<hr class=\"wp-block-separator has-alpha-channel-opacity\"\/>\n\n\n\n<p class=\"has-medium-font-size\"><strong>Openings<\/strong><\/p>\n\n\n<div class=\"wp-block-image\">\n<figure class=\"aligncenter size-full\"><img loading=\"lazy\" decoding=\"async\" width=\"1871\" height=\"1028\" src=\"https:\/\/khatnani.es\/wp-content\/uploads\/2025\/03\/aperturas-corregida.png\" alt=\"\" class=\"wp-image-2271\" style=\"aspect-ratio:16\/9;object-fit:cover\" srcset=\"https:\/\/khatnani.es\/wp-content\/uploads\/2025\/03\/aperturas-corregida.png 1871w, https:\/\/khatnani.es\/wp-content\/uploads\/2025\/03\/aperturas-corregida-300x165.png 300w, https:\/\/khatnani.es\/wp-content\/uploads\/2025\/03\/aperturas-corregida-1024x563.png 1024w, https:\/\/khatnani.es\/wp-content\/uploads\/2025\/03\/aperturas-corregida-768x422.png 768w, https:\/\/khatnani.es\/wp-content\/uploads\/2025\/03\/aperturas-corregida-1536x844.png 1536w, https:\/\/khatnani.es\/wp-content\/uploads\/2025\/03\/aperturas-corregida-18x10.png 18w\" sizes=\"(max-width: 1871px) 100vw, 1871px\" \/><\/figure>\n<\/div>","protected":false},"excerpt":{"rendered":"<p>Sobre Nosotros Nuestra historia comienza en el a\u00f1o 1957 con la llegada del Sr. Khatnani Douglas a la isla de Gran Canaria desde la India, donde trabajar\u00eda adquiriendo experiencia en bazares destinados al turismo n\u00f3rdico, ingl\u00e9s y alem\u00e1n.En 1966 abre &hellip; <\/p>","protected":false},"author":1,"featured_media":0,"parent":0,"menu_order":0,"comment_status":"closed","ping_status":"closed","template":"elementor_header_footer","meta":{"footnotes":""},"class_list":["post-465","page","type-page","status-publish","hentry"],"yoast_head":"<!-- This site is optimized with the Yoast SEO plugin v27.4 - https:\/\/yoast.com\/product\/yoast-seo-wordpress\/ -->\n<title>Nuestra Historia - Portfolio Grupo Khatnani<\/title>\n<meta name=\"description\" content=\"El Grupo Khatnani se localiza en Islas Canarias, Espa\u00f1a y cuenta con una larga trayectoria con m\u00e1s de 50 a\u00f1os dedicados al comercio.\" \/>\n<meta name=\"robots\" content=\"index, follow, max-snippet:-1, max-image-preview:large, max-video-preview:-1\" \/>\n<link rel=\"canonical\" href=\"https:\/\/khatnani.es\/en\/nuestra-historia\/\" \/>\n<meta property=\"og:locale\" content=\"en_US\" \/>\n<meta property=\"og:type\" content=\"article\" \/>\n<meta property=\"og:title\" content=\"Nuestra Historia - Portfolio Grupo Khatnani\" \/>\n<meta property=\"og:description\" content=\"El Grupo Khatnani se localiza en Islas Canarias, Espa\u00f1a y cuenta con una larga trayectoria con m\u00e1s de 50 a\u00f1os dedicados al comercio.\" \/>\n<meta property=\"og:url\" content=\"https:\/\/khatnani.es\/en\/nuestra-historia\/\" \/>\n<meta property=\"og:site_name\" content=\"Portfolio Grupo Khatnani\" \/>\n<meta property=\"article:modified_time\" content=\"2025-03-28T09:32:38+00:00\" \/>\n<meta property=\"og:image\" content=\"http:\/\/khatnani.es\/wp-content\/uploads\/2022\/02\/BAJA-Inauguracion-Esennia-Aldo-Meloneras-2019-Pablo-Mirabelli-065-1024x683.jpg\" \/>\n<meta name=\"twitter:card\" content=\"summary_large_image\" \/>\n<meta name=\"twitter:label1\" content=\"Est. reading time\" \/>\n\t<meta name=\"twitter:data1\" content=\"2 minutes\" \/>\n<script type=\"application\/ld+json\" class=\"yoast-schema-graph\">{\"@context\":\"https:\\\/\\\/schema.org\",\"@graph\":[{\"@type\":\"WebPage\",\"@id\":\"https:\\\/\\\/khatnani.es\\\/nuestra-historia\",\"url\":\"https:\\\/\\\/khatnani.es\\\/nuestra-historia\",\"name\":\"Nuestra Historia - Portfolio Grupo Khatnani\",\"isPartOf\":{\"@id\":\"https:\\\/\\\/khatnani.es\\\/#website\"},\"primaryImageOfPage\":{\"@id\":\"https:\\\/\\\/khatnani.es\\\/nuestra-historia#primaryimage\"},\"image\":{\"@id\":\"https:\\\/\\\/khatnani.es\\\/nuestra-historia#primaryimage\"},\"thumbnailUrl\":\"http:\\\/\\\/khatnani.es\\\/wp-content\\\/uploads\\\/2022\\\/02\\\/BAJA-Inauguracion-Esennia-Aldo-Meloneras-2019-Pablo-Mirabelli-065-1024x683.jpg\",\"datePublished\":\"2022-01-25T12:30:33+00:00\",\"dateModified\":\"2025-03-28T09:32:38+00:00\",\"description\":\"El Grupo Khatnani se localiza en Islas Canarias, Espa\u00f1a y cuenta con una larga trayectoria con m\u00e1s de 50 a\u00f1os dedicados al comercio.\",\"breadcrumb\":{\"@id\":\"https:\\\/\\\/khatnani.es\\\/nuestra-historia#breadcrumb\"},\"inLanguage\":\"en-US\",\"potentialAction\":[{\"@type\":\"ReadAction\",\"target\":[\"https:\\\/\\\/khatnani.es\\\/nuestra-historia\"]}]},{\"@type\":\"ImageObject\",\"inLanguage\":\"en-US\",\"@id\":\"https:\\\/\\\/khatnani.es\\\/nuestra-historia#primaryimage\",\"url\":\"http:\\\/\\\/khatnani.es\\\/wp-content\\\/uploads\\\/2022\\\/02\\\/BAJA-Inauguracion-Esennia-Aldo-Meloneras-2019-Pablo-Mirabelli-065-1024x683.jpg\",\"contentUrl\":\"http:\\\/\\\/khatnani.es\\\/wp-content\\\/uploads\\\/2022\\\/02\\\/BAJA-Inauguracion-Esennia-Aldo-Meloneras-2019-Pablo-Mirabelli-065-1024x683.jpg\"},{\"@type\":\"BreadcrumbList\",\"@id\":\"https:\\\/\\\/khatnani.es\\\/nuestra-historia#breadcrumb\",\"itemListElement\":[{\"@type\":\"ListItem\",\"position\":1,\"name\":\"Portada\",\"item\":\"https:\\\/\\\/khatnani.es\\\/\"},{\"@type\":\"ListItem\",\"position\":2,\"name\":\"Nuestra Historia\"}]},{\"@type\":\"WebSite\",\"@id\":\"https:\\\/\\\/khatnani.es\\\/#website\",\"url\":\"https:\\\/\\\/khatnani.es\\\/\",\"name\":\"Portfolio Grupo Khatnani\",\"description\":\"Informacion de la empresa Khatnani S.L.\",\"publisher\":{\"@id\":\"https:\\\/\\\/khatnani.es\\\/#organization\"},\"potentialAction\":[{\"@type\":\"SearchAction\",\"target\":{\"@type\":\"EntryPoint\",\"urlTemplate\":\"https:\\\/\\\/khatnani.es\\\/?s={search_term_string}\"},\"query-input\":{\"@type\":\"PropertyValueSpecification\",\"valueRequired\":true,\"valueName\":\"search_term_string\"}}],\"inLanguage\":\"en-US\"},{\"@type\":\"Organization\",\"@id\":\"https:\\\/\\\/khatnani.es\\\/#organization\",\"name\":\"Portfolio Grupo Khatnani\",\"url\":\"https:\\\/\\\/khatnani.es\\\/\",\"logo\":{\"@type\":\"ImageObject\",\"inLanguage\":\"en-US\",\"@id\":\"https:\\\/\\\/khatnani.es\\\/#\\\/schema\\\/logo\\\/image\\\/\",\"url\":\"https:\\\/\\\/khatnani.es\\\/wp-content\\\/uploads\\\/2022\\\/02\\\/cropped-KhatnaniGroup_240x55_Blanco-fondotrans_Mesa-de-trabajo-1-e1644486533183.png\",\"contentUrl\":\"https:\\\/\\\/khatnani.es\\\/wp-content\\\/uploads\\\/2022\\\/02\\\/cropped-KhatnaniGroup_240x55_Blanco-fondotrans_Mesa-de-trabajo-1-e1644486533183.png\",\"width\":240,\"height\":56,\"caption\":\"Portfolio Grupo Khatnani\"},\"image\":{\"@id\":\"https:\\\/\\\/khatnani.es\\\/#\\\/schema\\\/logo\\\/image\\\/\"}}]}<\/script>\n<!-- \/ Yoast SEO plugin. -->","yoast_head_json":{"title":"Nuestra Historia - Portfolio Grupo Khatnani","description":"El Grupo Khatnani se localiza en Islas Canarias, Espa\u00f1a y cuenta con una larga trayectoria con m\u00e1s de 50 a\u00f1os dedicados al comercio.","robots":{"index":"index","follow":"follow","max-snippet":"max-snippet:-1","max-image-preview":"max-image-preview:large","max-video-preview":"max-video-preview:-1"},"canonical":"https:\/\/khatnani.es\/en\/nuestra-historia\/","og_locale":"en_US","og_type":"article","og_title":"Nuestra Historia - Portfolio Grupo Khatnani","og_description":"El Grupo Khatnani se localiza en Islas Canarias, Espa\u00f1a y cuenta con una larga trayectoria con m\u00e1s de 50 a\u00f1os dedicados al comercio.","og_url":"https:\/\/khatnani.es\/en\/nuestra-historia\/","og_site_name":"Portfolio Grupo Khatnani","article_modified_time":"2025-03-28T09:32:38+00:00","og_image":[{"url":"http:\/\/khatnani.es\/wp-content\/uploads\/2022\/02\/BAJA-Inauguracion-Esennia-Aldo-Meloneras-2019-Pablo-Mirabelli-065-1024x683.jpg","type":"","width":"","height":""}],"twitter_card":"summary_large_image","twitter_misc":{"Est. reading time":"2 minutes"},"schema":{"@context":"https:\/\/schema.org","@graph":[{"@type":"WebPage","@id":"https:\/\/khatnani.es\/nuestra-historia","url":"https:\/\/khatnani.es\/nuestra-historia","name":"Nuestra Historia - Portfolio Grupo Khatnani","isPartOf":{"@id":"https:\/\/khatnani.es\/#website"},"primaryImageOfPage":{"@id":"https:\/\/khatnani.es\/nuestra-historia#primaryimage"},"image":{"@id":"https:\/\/khatnani.es\/nuestra-historia#primaryimage"},"thumbnailUrl":"http:\/\/khatnani.es\/wp-content\/uploads\/2022\/02\/BAJA-Inauguracion-Esennia-Aldo-Meloneras-2019-Pablo-Mirabelli-065-1024x683.jpg","datePublished":"2022-01-25T12:30:33+00:00","dateModified":"2025-03-28T09:32:38+00:00","description":"El Grupo Khatnani se localiza en Islas Canarias, Espa\u00f1a y cuenta con una larga trayectoria con m\u00e1s de 50 a\u00f1os dedicados al comercio.","breadcrumb":{"@id":"https:\/\/khatnani.es\/nuestra-historia#breadcrumb"},"inLanguage":"en-US","potentialAction":[{"@type":"ReadAction","target":["https:\/\/khatnani.es\/nuestra-historia"]}]},{"@type":"ImageObject","inLanguage":"en-US","@id":"https:\/\/khatnani.es\/nuestra-historia#primaryimage","url":"http:\/\/khatnani.es\/wp-content\/uploads\/2022\/02\/BAJA-Inauguracion-Esennia-Aldo-Meloneras-2019-Pablo-Mirabelli-065-1024x683.jpg","contentUrl":"http:\/\/khatnani.es\/wp-content\/uploads\/2022\/02\/BAJA-Inauguracion-Esennia-Aldo-Meloneras-2019-Pablo-Mirabelli-065-1024x683.jpg"},{"@type":"BreadcrumbList","@id":"https:\/\/khatnani.es\/nuestra-historia#breadcrumb","itemListElement":[{"@type":"ListItem","position":1,"name":"Portada","item":"https:\/\/khatnani.es\/"},{"@type":"ListItem","position":2,"name":"Nuestra Historia"}]},{"@type":"WebSite","@id":"https:\/\/khatnani.es\/#website","url":"https:\/\/khatnani.es\/","name":"Portfolio Grupo Khatnani","description":"Informacion de la empresa Khatnani S.L.","publisher":{"@id":"https:\/\/khatnani.es\/#organization"},"potentialAction":[{"@type":"SearchAction","target":{"@type":"EntryPoint","urlTemplate":"https:\/\/khatnani.es\/?s={search_term_string}"},"query-input":{"@type":"PropertyValueSpecification","valueRequired":true,"valueName":"search_term_string"}}],"inLanguage":"en-US"},{"@type":"Organization","@id":"https:\/\/khatnani.es\/#organization","name":"Portfolio Grupo Khatnani","url":"https:\/\/khatnani.es\/","logo":{"@type":"ImageObject","inLanguage":"en-US","@id":"https:\/\/khatnani.es\/#\/schema\/logo\/image\/","url":"https:\/\/khatnani.es\/wp-content\/uploads\/2022\/02\/cropped-KhatnaniGroup_240x55_Blanco-fondotrans_Mesa-de-trabajo-1-e1644486533183.png","contentUrl":"https:\/\/khatnani.es\/wp-content\/uploads\/2022\/02\/cropped-KhatnaniGroup_240x55_Blanco-fondotrans_Mesa-de-trabajo-1-e1644486533183.png","width":240,"height":56,"caption":"Portfolio Grupo Khatnani"},"image":{"@id":"https:\/\/khatnani.es\/#\/schema\/logo\/image\/"}}]}},"_links":{"self":[{"href":"https:\/\/khatnani.es\/en\/wp-json\/wp\/v2\/pages\/465","targetHints":{"allow":["GET"]}}],"collection":[{"href":"https:\/\/khatnani.es\/en\/wp-json\/wp\/v2\/pages"}],"about":[{"href":"https:\/\/khatnani.es\/en\/wp-json\/wp\/v2\/types\/page"}],"author":[{"embeddable":true,"href":"https:\/\/khatnani.es\/en\/wp-json\/wp\/v2\/users\/1"}],"replies":[{"embeddable":true,"href":"https:\/\/khatnani.es\/en\/wp-json\/wp\/v2\/comments?post=465"}],"version-history":[{"count":21,"href":"https:\/\/khatnani.es\/en\/wp-json\/wp\/v2\/pages\/465\/revisions"}],"predecessor-version":[{"id":2277,"href":"https:\/\/khatnani.es\/en\/wp-json\/wp\/v2\/pages\/465\/revisions\/2277"}],"wp:attachment":[{"href":"https:\/\/khatnani.es\/en\/wp-json\/wp\/v2\/media?parent=465"}],"curies":[{"name":"wp","href":"https:\/\/api.w.org\/{rel}","templated":true}]}}